{"id":5342,"date":"2019-06-11T15:16:18","date_gmt":"2019-06-11T19:16:18","guid":{"rendered":"https:\/\/espressomali.com\/produit\/eureka-mignon-silenzio\/"},"modified":"2025-12-08T09:21:51","modified_gmt":"2025-12-08T14:21:51","slug":"eureka-mignon-silenzio","status":"publish","type":"product","link":"https:\/\/espressomali.com\/en\/produit\/eureka-mignon-silenzio\/","title":{"rendered":"Eureka Mignon Silenzio 55"},"content":{"rendered":"","protected":false},"excerpt":{"rendered":"<p>Consumer Coffee grinder (semi-professional).<\/p>\n","protected":false},"featured_media":2547,"comment_status":"closed","ping_status":"closed","template":"","meta":{"_seopress_robots_primary_cat":"none","_seopress_titles_title":"Eureka Mignon Silenzio 55 - Moulin \u00e0 caf\u00e9","_seopress_titles_desc":"Le moulin \u00e0 caf\u00e9 professionnel Eureka Silenzio simple \u00e0 ajuster avec la molette. Il offre un r\u00e9glage microm\u00e9trique et le dosage est programmable.","_seopress_robots_index":""},"product_brand":[],"product_cat":[898,904,889],"product_tag":[],"class_list":{"0":"post-5342","1":"product","2":"type-product","3":"status-publish","4":"has-post-thumbnail","6":"product_cat-coffee-grinder","7":"product_cat-eureka-en-en","8":"product_cat-home-use","10":"first","11":"instock","12":"taxable","13":"shipping-taxable","14":"purchasable","15":"product-type-variable"},"_links":{"self":[{"href":"https:\/\/espressomali.com\/en\/wp-json\/wp\/v2\/product\/5342","targetHints":{"allow":["GET"]}}],"collection":[{"href":"https:\/\/espressomali.com\/en\/wp-json\/wp\/v2\/product"}],"about":[{"href":"https:\/\/espressomali.com\/en\/wp-json\/wp\/v2\/types\/product"}],"replies":[{"embeddable":true,"href":"https:\/\/espressomali.com\/en\/wp-json\/wp\/v2\/comments?post=5342"}],"wp:featuredmedia":[{"embeddable":true,"href":"https:\/\/espressomali.com\/en\/wp-json\/wp\/v2\/media\/2547"}],"wp:attachment":[{"href":"https:\/\/espressomali.com\/en\/wp-json\/wp\/v2\/media?parent=5342"}],"wp:term":[{"taxonomy":"product_brand","embeddable":true,"href":"https:\/\/espressomali.com\/en\/wp-json\/wp\/v2\/product_brand?post=5342"},{"taxonomy":"product_cat","embeddable":true,"href":"https:\/\/espressomali.com\/en\/wp-json\/wp\/v2\/product_cat?post=5342"},{"taxonomy":"product_tag","embeddable":true,"href":"https:\/\/espressomali.com\/en\/wp-json\/wp\/v2\/product_tag?post=5342"}],"curies":[{"name":"wp","href":"https:\/\/api.w.org\/{rel}","templated":true}]}}